
{"id":22997,"date":"2022-09-20T07:10:38","date_gmt":"2022-09-20T05:10:38","guid":{"rendered":"https:\/\/www.niuma.it\/cookie-policy\/"},"modified":"2023-01-19T13:02:41","modified_gmt":"2023-01-19T11:02:41","slug":"cookie-policy","status":"publish","type":"page","link":"https:\/\/blog.niumactive.com\/en\/cookie-policy\/","title":{"rendered":"Cookie policy"},"content":{"rendered":"<section id=\"niuma-block-testo-block_e7c09eaff2712e16f44c4f892aa47c8a\" class=\"niuma-block-testo position-relative overflow-hidden\">\n    <div class=\"container my-30\">\n        <div class=\"row justify-content-center\">\n            <div class=\"col \">\n                <div class=\"niuma-block-testo-content\">\n                    <h1>Privacy Policy<\/h1>\n<p>OGGETTO: Informativa sul trattamento dei dati personali ai sensi dell\u2019art. 13 del Regolamento UE n. 2016\/679 (di seguito \u201cGDPR\u201d)<\/p>\n<p>Il GDPR, Regolamento UE n. 2016\/679, unitamente al Codice in Materia di Dati Personali, pone la disciplina in materia di tutela e protezione dei dati personali, stabilendo che \u201cl\u2019interessato\u201d sia preventivamente informato in merito all\u2019utilizzo dei dati che lo riguardano da parte del Titolare del Trattamento. In particolare, il GDPR chiarisce che deve intendersi per:<br \/>\n&#8211; \u00abdato personale\u00bb: qualsiasi informazione riguardante una persona fisica identificata o identificabile<br \/>\n(\u00abinteressato\u00bb); si considera identificabile la persona fisica che pu\u00f2 essere identificata, direttamente o indirettamente, con particolare riferimento a un identificativo come il nome, un numero di identificazione, dati relativi all\u2019ubicazione, un identificativo online o a uno o pi\u00f9 elementi caratteristici della sua identit\u00e0 fisica, fisiologica, genetica, psichica, economica, culturale o sociale;<br \/>\n&#8211; \u00abtrattamento\u00bb: qualsiasi operazione o insieme di operazioni, compiute con o senza l\u2019ausilio di processi automatizzati e applicate a dati personali o insiemi di dati personali, come la raccolta, la registrazione, l\u2019organizzazione, la strutturazione, la conservazione, l\u2019adattamento o la modifica, l\u2019estrazione, la consultazione, l\u2019uso, la comunicazione mediante trasmissione, diffusione o qualsiasi altra forma di messa a disposizione, il raffronto o l\u2019interconnessione, la limitazione, la cancellazione o la distruzione;<br \/>\n&#8211; \u00abtitolare del trattamento\u00bb: la persona fisica o giuridica, l\u2019autorit\u00e0 pubblica, il servizio o altro organismo che, singolarmente o insieme ad altri, determina le finalit\u00e0 e i messi di trattamento di dati personali.<br \/>\nIn ossequio a quanto sopra, la Niuma S.r.l., in qualit\u00e0 di Titolare del Trattamento, fornisce la presente informativa.<br \/>\n<strong>1. Principi a cui si ispira il Trattamento effettuato da Niuma S.r.l.<\/strong><br \/>\nIl trattamento dei dati personali effettuato da Niuma S.r.l. \u00e8 improntato ai principi di correttezza, liceit\u00e0, trasparenza e di tutela della riservatezza e dei diritti dell\u2019interessato.<br \/>\nNiuma S.r.l. informa che, per l\u2019instaurazione e l\u2019esecuzione dei propri rapporti contrattuali, \u00e8 necessario acquisire determinate categorie di dati (in particolare, tra gli altri, dati anagrafici e dati fiscali) relativi all\u2019interessato, suoi dipendenti, collaboratori e clienti, dati qualificati come personali dalla legge e, in particolare, dal GDPR. I dati personali sono acquisiti direttamente dall\u2019interessato, ovvero anche tramite terzi previamente a ci\u00f2 autorizzati dall\u2019Interessato stesso, mediante supporto cartaceo, elettronico e\/o telematico.<br \/>\n<strong>2. Finalit\u00e0 del trattamento:<\/strong><br \/>\na) I dati sono trattati e conservati in relazione alle esigenze contrattuali ed al conseguente adempimento degli obblighi legali e fiscali, nonch\u00e9 per consentire una efficace gestione dei rapporti contrattuali medesimi;<br \/>\nb) I dati sono trattati per ogni altra finalit\u00e0 di carattere legale, amministrativo nonch\u00e9 organizzativo strettamente connessa e strumentale al rapporto contrattuale in essere ed al buon esito dello stesso;<br \/>\nc) I dati sono soggetti a raccolta, conservazione ed elaborazione per fini di aggiornamento e promozione in merito all\u2019attivit\u00e0 svolta da Niuma S.r.l., nonch\u00e9 in merito ai servizi, prodotti, corsi, attivit\u00e0, etc. dalla stessa offerti; il trattamento dei dati per le descritte finalit\u00e0 promozionali non sar\u00e0 in alcun modo effettuato per il tramite di terzi, neanche previa autorizzazione da parte del Titolare del Trattamento, in quanto Niuma S.r.l. non cede a terzi i dati raccolti, salvo il caso in cui la cessione configuri un espresso obbligo di legge o ordine di un\u2019Autorit\u00e0 dello Stato o dell\u2019Unione<br \/>\nEuropea;<br \/>\n<strong>3. Modalit\u00e0 e durata del trattamento:<\/strong><br \/>\nI dati possono essere raccolti, trattati e conservati su supporto cartaceo, elettronico, informatico e\/o telematico.<br \/>\nI dati verranno trattati nel rispetto dell\u2019applicabile normativa vigente e custoditi in maniera tale da (i) assicurane la riservatezza, (ii) evitarne la distruzione, (iii) evitarne l\u2019utilizzo da parte di terzi non autorizzati estranei a Niuma S.r.l.<br \/>\nIn particolare, si specifica che i dati verranno memorizzati su supporti informatici, utilizzando misure che ne impediscono l\u2019utilizzo da parte di terzi che non siano stati preventivamente autorizzati. Il trattamento dei dati su supporto cartaceo ed informatico viene effettuato soltanto da personale incaricato ed autorizzato all\u2019accesso. I documenti contenenti dati personali vengono utilizzati dagli incaricati per il periodo strettamente necessario alle operazioni da svolgere e vengono conservati in appositi archivi ad accesso<br \/>\nautorizzato al fine di garantirne la riservatezza. Niuma S.r.l. conserver\u00e0 i dati personali dell\u2019Interessato per il tempo necessario per adempiere alle finalit\u00e0 di cui sopra. In particolare si specifica che i dati verranno conservati e trattati per tutta la durata del rapporto contrattuale ed anche successivamente allo stesso per il tempo necessario all\u2019espletamento di obblighi di legge e amministrativi e\/o alla tutela dei diritti del Titolare del Trattamento. Per le finalit\u00e0 di cui al punto 2 lettera (c), il trattamento e la conservazione dei dati personali verr\u00e0 effettuata per un periodo<br \/>\ndi 5 anni dalla cessazione del rapporto.<br \/>\n<strong>4. Obbligo o facolt\u00e0 di conferimento dei dati:<\/strong><br \/>\nLa prestazione del consenso al trattamento dei dati personali per gli scopi di cui ai punti (a) e (b) dell\u2019art. 2 \u00e8 condizione necessaria per l\u2019erogazione dei servizi oggetto del rapporto contrattuale. In caso di rifiuto alla prestazione del consenso, Niuma S.r.l. non potr\u00e0 erogare i servizi n\u00e9 adempiere agli obblighi oggetto delle<br \/>\nrelative condizioni contrattuali.<br \/>\nInvece, il consenso in relazione alla finalit\u00e0 di cui ai punti (c) ed (e) dell\u2019art. 2 \u00e8 facoltativo e potr\u00e0 essere liberamente rifiutato dall\u2019Interessato.<br \/>\n<strong>5. Accesso ai dati<\/strong><br \/>\nPotranno avere accesso ai dati dell\u2019Interessato, in qualit\u00e0 di responsabili del trattamento o incaricati al trattamento, per l\u2019adempimento delle mansioni e dei compiti ad essi attribuiti, le seguenti categorie di soggetti, limitatamente alle finalit\u00e0 e modalit\u00e0 in precedenza riportate:<br \/>\n\uf02d Dipendenti (ad es. addetti alla segreteria, all\u2019ufficio amministrativo, dirigenti);<br \/>\n\uf02d Amministratori e sindaci;<br \/>\n\uf02d Consulenti della societ\u00e0;<br \/>\n\uf02d Collaboratori.<br \/>\nIn ogni caso, indipendentemente dalla finalit\u00e0 che rileva tra quelle sopra riportate, i dati personali saranno resi accessibili ai consulenti della Niuma S.r.l., solo ove ve ne sia necessit\u00e0, e sempre previa nostra lettera di incarico che imponga espressamente agli stessi il dovere di riservatezza e sicurezza.<br \/>\n<strong>6. Comunicazione dei dati<\/strong><br \/>\nSenza la necessit\u00e0 di un espresso consenso, ai sensi dell\u2019 art. 6 del GDPR, il Titolare del Trattamento potr\u00e0 comunicare i dati dell\u2019Interessato ad Autorit\u00e0, Agenzie e Organismi di vigilanza, Autorit\u00e0 giudiziarie, a societ\u00e0 di assicurazione per la prestazione di servizi assicurativi, nonch\u00e9 a quei soggetti ai quali la comunicazione sia obbligatoria per legge per adempiere agli obblighi previsti dalla legge, da un regolamento, dalla normativa comunitaria o da un ordine dell\u2019Autorit\u00e0 ovvero per esercitare i diritti di Niuma S.r.l., ad esempio, alla difesa in giudizio. Detti soggetti tratteranno i dati nella loro qualit\u00e0 di autonomi titolari del trattamento. Salvo quanto sopra specificato, i dati personali raccolti e trattati da Niuma S.r.l. non verranno diffusi, dunque in nessun modo questi saranno portati a conoscenza di terzi, n\u00e9 soggetti determinati, n\u00e9 soggetti indeterminati, n\u00e9 mediante mera messa a disposizione n\u00e9 mediante semplice consultazione.<br \/>\n<strong>7. Trasferimento dei dati<\/strong><br \/>\nI dati personali sono conservati presso il Titolare del Trattamento o anche in outsourcing su server ubicati in Italia e dunque all\u2019interno dell\u2019Unione Europea. Resta in ogni caso inteso che il Niuma S.r.l., ove si rendesse necessario, avr\u00e0 facolt\u00e0 di spostare i server anche extra-UE. In tal caso, il Titolare assicura sin d\u2019ora che il trasferimento dei dati extra-UE avverr\u00e0 in conformit\u00e0 alle disposizioni di legge applicabili, previa stipula<br \/>\ndelle clausole contrattuali standard previste dalla Commissione Europea.<br \/>\n<strong>8. Diritti dell\u2019interessato:<\/strong><br \/>\nNiuma S.r.l. rende noto che l\u2019interessato al trattamento \u00e8 titolare dei diritti di cui all\u2019art. 15 del GDPR e precisamente i diritti di:<br \/>\n1. ottenere la conferma dell&#8217;esistenza o meno di dati personali che lo riguardano, anche se non ancora registrati, e la loro comunicazione in forma intelligibile;<br \/>\n2. ottenere l&#8217;indicazione:<br \/>\na) dell&#8217;origine dei dati personali;<br \/>\nb) delle finalit\u00e0 e modalit\u00e0 del trattamento;<br \/>\nc) della logica applicata in caso di trattamento effettuato con l&#8217;ausilio di strumenti elettronici;<br \/>\nd) degli estremi identificativi del titolare, dei responsabili e del rappresentante designato ai sensi<br \/>\ndell&#8217;art. 3, comma 1, GDPR;<br \/>\ne) dei soggetti o delle categorie di soggetti ai quali i dati personali possono essere comunicati o che possono venirne a conoscenza in qualit\u00e0 di rappresentante designato nel territorio dello Stato, di responsabili o incaricati;<br \/>\n3. ottenere:<br \/>\na) l&#8217;aggiornamento, la rettifica ovvero, quando vi ha interesse, l&#8217;integrazione dei dati;<br \/>\nb) la cancellazione, la trasformazione in forma anonima o il blocco dei dati trattati in violazione di legge, compresi quelli di cui non \u00e8 necessaria la conservazione in relazione agli scopi per i quali i dati sono stati raccolti o successivamente trattati;<br \/>\nc) l&#8217;attestazione che le operazioni di cui alle lettere a) e b) sono state portate a conoscenza, anche<br \/>\nper quanto riguarda il loro contenuto, di coloro ai quali i dati sono stati comunicati o diffusi, eccettuato il caso in cui tale adempimento si rivela impossibile o comporta un impiego di mezzi manifestamente sproporzionato rispetto al diritto tutelato;<br \/>\n4. opporsi, in tutto o in parte:<br \/>\na) per motivi legittimi al trattamento dei dati personali che La riguardano, ancorch\u00e9 pertinenti allo scopo della raccolta;<br \/>\nb) al trattamento di dati personali che La riguardano a fini di invio di materiale pubblicitario o di vendita diretta o per il compimento di ricerche di mercato o di comunicazione commerciale, mediante l\u2019uso di sistemi automatizzati di chiamata senza l\u2019intervento di un operatore mediante email e\/o mediante modalit\u00e0 di marketing tradizionali mediante telefono e\/o posta cartacea.<br \/>\nSi fa presente che il diritto di opposizione dell\u2019interessato, esposto al precedente punto b), per finalit\u00e0 di marketing diretto mediante modalit\u00e0 automatizzate si estende a quelle tradizionali e che comunque resta salva la possibilit\u00e0 per l\u2019interessato di esercitare il diritto di opposizione anche solo in parte. Pertanto, l\u2019interessato pu\u00f2 decidere di ricevere solo comunicazioni mediante modalit\u00e0 tradizionali ovvero solo comunicazioni automatizzate oppure nessuna delle due tipologie di comunicazione.<br \/>\n5. chiedere la cancellazione o limitazione del trattamento dei Suoi dati;<br \/>\n6. presentare reclamo all\u2019Autorit\u00e0 Garante della Privacy, secondo le procedure previste dalla normativa vigente.<br \/>\nSi informa che poich\u00e9 il trattamento dei dati \u00e8 basato sull&#8217;articolo 6, paragrafo 1, lettera a), oppure sull&#8217;articolo 9, paragrafo 2, lettera a) GDPR (regolamento UE 2016\/679) l\u2019Interessato ha diritto di revocare il consenso in qualsiasi momento senza pregiudicare la liceit\u00e0 del trattamento basata sul consenso prima della revoca.<br \/>\n<strong>9. Modalit\u00e0 di esercizio dei diritti<\/strong><br \/>\nPotr\u00e0 in qualsiasi momento esercitare i diritti inviando:<br \/>\n\uf02d una raccomandata a.\/r. a Niuma S.r.l. \u2013 presso la sede di Roma, Via Giacomo Peroni, 400;<br \/>\n\uf02d una e-mail all\u2019indirizzo di posta elettronica certificata della Niuma S.r.l. reperibile presso il pubblico registro INIPEC (www.inipec.gov.it).<br \/>\nPer qualsiasi ulteriore informazione, e per far valere i diritti a lei riconosciuti dal GDPR, potr\u00e0 rivolgersi ai soggetti indicati al punto seguente.<br \/>\n<strong>10. Titolare, responsabile e incaricati<\/strong><br \/>\nIl Titolare del Trattamento \u00e8 Niuma S.r.l., con sede legale in Roma, Via Giacomo Peroni 400, in persona del legale rappresentante pro tempore, Ilaria Baruffini, Via La Spezia, 11, 20142, Milano;<br \/>\nIl Responsabile del Trattamento \u00e8 indicato nelle persone di:<br \/>\n&#8211; Pietro Carra, Via Giacomo Peroni 400, 00131, Roma;<br \/>\n&#8211; Giovanni Baruffini, Via Giacomo Peroni 400, 00131, Roma;<br \/>\nL\u2019elenco aggiornato dei responsabili e degli incaricati al trattamento \u00e8 custodito presso la sede legale del titolare del trattamento.<\/p>\n                <\/div>\n            <\/div>\n        <\/div>\n    <\/div>\n<\/section>","protected":false},"excerpt":{"rendered":"","protected":false},"author":1,"featured_media":0,"parent":0,"menu_order":0,"comment_status":"closed","ping_status":"closed","template":"","meta":{"content-type":"","footnotes":""},"class_list":["post-22997","page","type-page","status-publish","hentry"],"acf":[],"yoast_head":"<!-- This site is optimized with the Yoast SEO plugin v27.5 - https:\/\/yoast.com\/product\/yoast-seo-wordpress\/ -->\n<title>Cookie policy - Niumactive Blog<\/title>\n<meta name=\"description\" content=\"I tuoi dati sono una tua propriet\u00e0 e sosteniamo il tuo diritto alla privacy e alla trasparenza. Scegli la modalit\u00e0 di utilizzo dei dati\" \/>\n<meta name=\"robots\" content=\"index, follow, max-snippet:-1, max-image-preview:large, max-video-preview:-1\" \/>\n<link rel=\"canonical\" href=\"https:\/\/blog.niumactive.com\/en\/cookie-policy\/\" \/>\n<meta property=\"og:locale\" content=\"en_US\" \/>\n<meta property=\"og:type\" content=\"article\" \/>\n<meta property=\"og:title\" content=\"Cookie policy - Niumactive Blog\" \/>\n<meta property=\"og:description\" content=\"I tuoi dati sono una tua propriet\u00e0 e sosteniamo il tuo diritto alla privacy e alla trasparenza. Scegli la modalit\u00e0 di utilizzo dei dati\" \/>\n<meta property=\"og:url\" content=\"https:\/\/blog.niumactive.com\/en\/cookie-policy\/\" \/>\n<meta property=\"og:site_name\" content=\"Niumactive Blog\" \/>\n<meta property=\"article:publisher\" content=\"https:\/\/it-it.facebook.com\/niumasrl\/\" \/>\n<meta property=\"article:modified_time\" content=\"2023-01-19T11:02:41+00:00\" \/>\n<meta name=\"twitter:card\" content=\"summary_large_image\" \/>\n<meta name=\"twitter:site\" content=\"@niuma_ict\" \/>\n<script type=\"application\/ld+json\" class=\"yoast-schema-graph\">{\"@context\":\"https:\\\/\\\/schema.org\",\"@graph\":[{\"@type\":\"WebPage\",\"@id\":\"https:\\\/\\\/blog.niumactive.com\\\/en\\\/cookie-policy\\\/\",\"url\":\"https:\\\/\\\/blog.niumactive.com\\\/en\\\/cookie-policy\\\/\",\"name\":\"Cookie policy - Niumactive Blog\",\"isPartOf\":{\"@id\":\"https:\\\/\\\/blog.niumactive.com\\\/en\\\/#website\"},\"datePublished\":\"2022-09-20T05:10:38+00:00\",\"dateModified\":\"2023-01-19T11:02:41+00:00\",\"description\":\"I tuoi dati sono una tua propriet\u00e0 e sosteniamo il tuo diritto alla privacy e alla trasparenza. Scegli la modalit\u00e0 di utilizzo dei dati\",\"breadcrumb\":{\"@id\":\"https:\\\/\\\/blog.niumactive.com\\\/en\\\/cookie-policy\\\/#breadcrumb\"},\"inLanguage\":\"en-US\",\"potentialAction\":[{\"@type\":\"ReadAction\",\"target\":[\"https:\\\/\\\/blog.niumactive.com\\\/en\\\/cookie-policy\\\/\"]}]},{\"@type\":\"BreadcrumbList\",\"@id\":\"https:\\\/\\\/blog.niumactive.com\\\/en\\\/cookie-policy\\\/#breadcrumb\",\"itemListElement\":[{\"@type\":\"ListItem\",\"position\":1,\"name\":\"Home\",\"item\":\"https:\\\/\\\/blog.niumactive.com\\\/en\\\/blog\\\/\"},{\"@type\":\"ListItem\",\"position\":2,\"name\":\"Cookie policy\"}]},{\"@type\":\"WebSite\",\"@id\":\"https:\\\/\\\/blog.niumactive.com\\\/en\\\/#website\",\"url\":\"https:\\\/\\\/blog.niumactive.com\\\/en\\\/\",\"name\":\"Niumactive Blog\",\"description\":\"Il blog di Niumactive\",\"publisher\":{\"@id\":\"https:\\\/\\\/blog.niumactive.com\\\/en\\\/#organization\"},\"potentialAction\":[{\"@type\":\"SearchAction\",\"target\":{\"@type\":\"EntryPoint\",\"urlTemplate\":\"https:\\\/\\\/blog.niumactive.com\\\/en\\\/?s={search_term_string}\"},\"query-input\":{\"@type\":\"PropertyValueSpecification\",\"valueRequired\":true,\"valueName\":\"search_term_string\"}}],\"inLanguage\":\"en-US\"},{\"@type\":\"Organization\",\"@id\":\"https:\\\/\\\/blog.niumactive.com\\\/en\\\/#organization\",\"name\":\"Niumactive Blog\",\"url\":\"https:\\\/\\\/blog.niumactive.com\\\/en\\\/\",\"logo\":{\"@type\":\"ImageObject\",\"inLanguage\":\"en-US\",\"@id\":\"https:\\\/\\\/blog.niumactive.com\\\/en\\\/#\\\/schema\\\/logo\\\/image\\\/\",\"url\":\"https:\\\/\\\/www.niuma.it\\\/wp-content\\\/uploads\\\/2022\\\/09\\\/logo_niuma_p.png\",\"contentUrl\":\"https:\\\/\\\/www.niuma.it\\\/wp-content\\\/uploads\\\/2022\\\/09\\\/logo_niuma_p.png\",\"width\":512,\"height\":116,\"caption\":\"Niumactive Blog\"},\"image\":{\"@id\":\"https:\\\/\\\/blog.niumactive.com\\\/en\\\/#\\\/schema\\\/logo\\\/image\\\/\"},\"sameAs\":[\"https:\\\/\\\/it-it.facebook.com\\\/niumasrl\\\/\",\"https:\\\/\\\/x.com\\\/niuma_ict\"]}]}<\/script>\n<!-- \/ Yoast SEO plugin. -->","yoast_head_json":{"title":"Cookie policy - Niumactive Blog","description":"I tuoi dati sono una tua propriet\u00e0 e sosteniamo il tuo diritto alla privacy e alla trasparenza. Scegli la modalit\u00e0 di utilizzo dei dati","robots":{"index":"index","follow":"follow","max-snippet":"max-snippet:-1","max-image-preview":"max-image-preview:large","max-video-preview":"max-video-preview:-1"},"canonical":"https:\/\/blog.niumactive.com\/en\/cookie-policy\/","og_locale":"en_US","og_type":"article","og_title":"Cookie policy - Niumactive Blog","og_description":"I tuoi dati sono una tua propriet\u00e0 e sosteniamo il tuo diritto alla privacy e alla trasparenza. Scegli la modalit\u00e0 di utilizzo dei dati","og_url":"https:\/\/blog.niumactive.com\/en\/cookie-policy\/","og_site_name":"Niumactive Blog","article_publisher":"https:\/\/it-it.facebook.com\/niumasrl\/","article_modified_time":"2023-01-19T11:02:41+00:00","twitter_card":"summary_large_image","twitter_site":"@niuma_ict","schema":{"@context":"https:\/\/schema.org","@graph":[{"@type":"WebPage","@id":"https:\/\/blog.niumactive.com\/en\/cookie-policy\/","url":"https:\/\/blog.niumactive.com\/en\/cookie-policy\/","name":"Cookie policy - Niumactive Blog","isPartOf":{"@id":"https:\/\/blog.niumactive.com\/en\/#website"},"datePublished":"2022-09-20T05:10:38+00:00","dateModified":"2023-01-19T11:02:41+00:00","description":"I tuoi dati sono una tua propriet\u00e0 e sosteniamo il tuo diritto alla privacy e alla trasparenza. Scegli la modalit\u00e0 di utilizzo dei dati","breadcrumb":{"@id":"https:\/\/blog.niumactive.com\/en\/cookie-policy\/#breadcrumb"},"inLanguage":"en-US","potentialAction":[{"@type":"ReadAction","target":["https:\/\/blog.niumactive.com\/en\/cookie-policy\/"]}]},{"@type":"BreadcrumbList","@id":"https:\/\/blog.niumactive.com\/en\/cookie-policy\/#breadcrumb","itemListElement":[{"@type":"ListItem","position":1,"name":"Home","item":"https:\/\/blog.niumactive.com\/en\/blog\/"},{"@type":"ListItem","position":2,"name":"Cookie policy"}]},{"@type":"WebSite","@id":"https:\/\/blog.niumactive.com\/en\/#website","url":"https:\/\/blog.niumactive.com\/en\/","name":"Niumactive Blog","description":"Il blog di Niumactive","publisher":{"@id":"https:\/\/blog.niumactive.com\/en\/#organization"},"potentialAction":[{"@type":"SearchAction","target":{"@type":"EntryPoint","urlTemplate":"https:\/\/blog.niumactive.com\/en\/?s={search_term_string}"},"query-input":{"@type":"PropertyValueSpecification","valueRequired":true,"valueName":"search_term_string"}}],"inLanguage":"en-US"},{"@type":"Organization","@id":"https:\/\/blog.niumactive.com\/en\/#organization","name":"Niumactive Blog","url":"https:\/\/blog.niumactive.com\/en\/","logo":{"@type":"ImageObject","inLanguage":"en-US","@id":"https:\/\/blog.niumactive.com\/en\/#\/schema\/logo\/image\/","url":"https:\/\/www.niuma.it\/wp-content\/uploads\/2022\/09\/logo_niuma_p.png","contentUrl":"https:\/\/www.niuma.it\/wp-content\/uploads\/2022\/09\/logo_niuma_p.png","width":512,"height":116,"caption":"Niumactive Blog"},"image":{"@id":"https:\/\/blog.niumactive.com\/en\/#\/schema\/logo\/image\/"},"sameAs":["https:\/\/it-it.facebook.com\/niumasrl\/","https:\/\/x.com\/niuma_ict"]}]}},"_links":{"self":[{"href":"https:\/\/blog.niumactive.com\/en\/wp-json\/wp\/v2\/pages\/22997","targetHints":{"allow":["GET"]}}],"collection":[{"href":"https:\/\/blog.niumactive.com\/en\/wp-json\/wp\/v2\/pages"}],"about":[{"href":"https:\/\/blog.niumactive.com\/en\/wp-json\/wp\/v2\/types\/page"}],"author":[{"embeddable":true,"href":"https:\/\/blog.niumactive.com\/en\/wp-json\/wp\/v2\/users\/1"}],"replies":[{"embeddable":true,"href":"https:\/\/blog.niumactive.com\/en\/wp-json\/wp\/v2\/comments?post=22997"}],"version-history":[{"count":1,"href":"https:\/\/blog.niumactive.com\/en\/wp-json\/wp\/v2\/pages\/22997\/revisions"}],"predecessor-version":[{"id":22998,"href":"https:\/\/blog.niumactive.com\/en\/wp-json\/wp\/v2\/pages\/22997\/revisions\/22998"}],"wp:attachment":[{"href":"https:\/\/blog.niumactive.com\/en\/wp-json\/wp\/v2\/media?parent=22997"}],"curies":[{"name":"wp","href":"https:\/\/api.w.org\/{rel}","templated":true}]}}